{"id":9002,"date":"2015-04-20T11:02:12","date_gmt":"2015-04-20T09:02:12","guid":{"rendered":"http:\/\/www.h-its.org\/?page_id=9002"},"modified":"2019-12-10T14:18:27","modified_gmt":"2019-12-10T13:18:27","slug":"lehrveranstaltungen","status":"publish","type":"page","link":"https:\/\/www.h-its.org\/de\/forschung\/pso\/lehrveranstaltungen\/","title":{"rendered":"Lehrveranstaltungen"},"content":{"rendered":"\n  <div class=\"hits-blocks hits-news-block\">\n\n\n      \n              <div class=\"post-grid two-columns\">\n                      \n<div class=\"post-preview\">\n  <a href=\"https:\/\/www.h-its.org\/de\/teachings\/vorlesung-das-kosmische-kochbuch-ein-praktischer-leitfaden-zur-sternentheorie\/\" aria-label=\"Post Beitrag Vorschau Bild\">\n          <img loading=\"lazy\" decoding=\"async\" width=\"420\" height=\"242\" src=\"https:\/\/www.h-its.org\/de\/wp-content\/uploads\/sites\/2\/2021\/01\/1024px-Grand_star-forming_region_R136_in_NGC_2070_captured_by_the_Hubble_Space_Telescope-420x242.jpg\" class=\"attachment-thumbnail size-thumbnail wp-post-image\" alt=\"\" 0=\"post-preview--post-thumbnail\" srcset=\"https:\/\/www.h-its.org\/de\/wp-content\/uploads\/sites\/2\/2021\/01\/1024px-Grand_star-forming_region_R136_in_NGC_2070_captured_by_the_Hubble_Space_Telescope-420x242.jpg 420w, https:\/\/www.h-its.org\/de\/wp-content\/uploads\/sites\/2\/2021\/01\/1024px-Grand_star-forming_region_R136_in_NGC_2070_captured_by_the_Hubble_Space_Telescope-1x1.jpg 1w\" sizes=\"auto, (max-width: 639px) 98vw, (max-width: 1199px) 64vw, 420px\" \/>      <\/a>\n  <p class=\"font-m font-normal font-primary\">Vorlesung \u2013 Das kosmische Kochbuch: Ein praktischer Leitfaden zur Sternentheorie<\/p>\n  <div class=\"show-for-medium\">\n    <p>Dozenten: Prof. Dr. Friedrich Roepke, Dr. Fabian Schneider Semester: Wintersemester 2020\/2021 Inhalt: Sternstruktur, Evolution und Explosionen, einschlie\u00dflich praktischer Tutorials basierend auf &#8230;<\/p>\n  <\/div>\n  <p>\n    <a href=\"https:\/\/www.h-its.org\/de\/teachings\/vorlesung-das-kosmische-kochbuch-ein-praktischer-leitfaden-zur-sternentheorie\/\" class=\"read-more-button\">Mehr erfahren<\/a>\n  <\/p>\n<\/div>\n                      \n<div class=\"post-preview\">\n  <a href=\"https:\/\/www.h-its.org\/de\/teachings\/lecture-python-programming-for-scientists-ss18\/\" aria-label=\"Post Beitrag Vorschau Bild\">\n          <img loading=\"lazy\" decoding=\"async\" width=\"420\" height=\"203\" src=\"https:\/\/www.h-its.org\/de\/wp-content\/uploads\/sites\/2\/2017\/07\/python-logo-master-v3-TM-420x203.png\" class=\"attachment-thumbnail size-thumbnail wp-post-image\" alt=\"\" 0=\"post-preview--post-thumbnail\" \/>      <\/a>\n  <p class=\"font-m font-normal font-primary\">Lecture: Python programming for scientists<\/p>\n  <div class=\"show-for-medium\">\n    <p>Heidelberg University, Summer Semester 2018, Lecturer: Dr. Markus Kromer<\/p>\n  <\/div>\n  <p>\n    <a href=\"https:\/\/www.h-its.org\/de\/teachings\/lecture-python-programming-for-scientists-ss18\/\" class=\"read-more-button\">Mehr erfahren<\/a>\n  <\/p>\n<\/div>\n                      \n<div class=\"post-preview\">\n  <a href=\"https:\/\/www.h-its.org\/de\/teachings\/lecture-python-programming-for-scientists-ws1718\/\" aria-label=\"Post Beitrag Vorschau Bild\">\n          <img loading=\"lazy\" decoding=\"async\" width=\"420\" height=\"203\" src=\"https:\/\/www.h-its.org\/de\/wp-content\/uploads\/sites\/2\/2017\/07\/python-logo-master-v3-TM-420x203.png\" class=\"attachment-thumbnail size-thumbnail wp-post-image\" alt=\"\" 0=\"post-preview--post-thumbnail\" \/>      <\/a>\n  <p class=\"font-m font-normal font-primary\">Lecture: Python programming for scientists<\/p>\n  <div class=\"show-for-medium\">\n    <p>Heidelberg University, Winter Semester 2017\/2018, Lecturer: Dr. Markus Kromer<\/p>\n  <\/div>\n  <p>\n    <a href=\"https:\/\/www.h-its.org\/de\/teachings\/lecture-python-programming-for-scientists-ws1718\/\" class=\"read-more-button\">Mehr erfahren<\/a>\n  <\/p>\n<\/div>\n                      \n<div class=\"post-preview\">\n  <a href=\"https:\/\/www.h-its.org\/de\/teachings\/lecture-theoretical-astrophysics-ws1718\/\" aria-label=\"Post Beitrag Vorschau Bild\">\n          <img loading=\"lazy\" decoding=\"async\" width=\"420\" height=\"242\" src=\"https:\/\/www.h-its.org\/de\/wp-content\/uploads\/sites\/2\/2017\/08\/Hubble-and-Chandra-Composite-of-ESO-137-001-420x242.jpg\" class=\"attachment-thumbnail size-thumbnail wp-post-image\" alt=\"\" 0=\"post-preview--post-thumbnail\" \/>      <\/a>\n  <p class=\"font-m font-normal font-primary\">Lecture: Theoretical Astrophysics<\/p>\n  <div class=\"show-for-medium\">\n    <p>Heidelberg University, Winter Semester 2017\/2018, Lecturers: Prof. Dr. Friedrich R\u00f6pke and Dr. Markus Kromer<\/p>\n  <\/div>\n  <p>\n    <a href=\"https:\/\/www.h-its.org\/de\/teachings\/lecture-theoretical-astrophysics-ws1718\/\" class=\"read-more-button\">Mehr erfahren<\/a>\n  <\/p>\n<\/div>\n                      \n<div class=\"post-preview\">\n  <a href=\"https:\/\/www.h-its.org\/de\/teachings\/lecture-python-programming-for-scientists-ss2017\/\" aria-label=\"Post Beitrag Vorschau Bild\">\n          <img loading=\"lazy\" decoding=\"async\" width=\"420\" height=\"203\" src=\"https:\/\/www.h-its.org\/de\/wp-content\/uploads\/sites\/2\/2017\/07\/python-logo-master-v3-TM-420x203.png\" class=\"attachment-thumbnail size-thumbnail wp-post-image\" alt=\"\" 0=\"post-preview--post-thumbnail\" \/>      <\/a>\n  <p class=\"font-m font-normal font-primary\">Lecture: Python programming for scientists<\/p>\n  <div class=\"show-for-medium\">\n    <p>Heidelberg University, Summer Semester 2017, Lecturer: Dr. Markus Kromer<\/p>\n  <\/div>\n  <p>\n    <a href=\"https:\/\/www.h-its.org\/de\/teachings\/lecture-python-programming-for-scientists-ss2017\/\" class=\"read-more-button\">Mehr erfahren<\/a>\n  <\/p>\n<\/div>\n                      \n<div class=\"post-preview\">\n  <a href=\"https:\/\/www.h-its.org\/de\/teachings\/lecture-stellar-evolution\/\" aria-label=\"Post Beitrag Vorschau Bild\">\n          <img loading=\"lazy\" decoding=\"async\" width=\"420\" height=\"242\" src=\"https:\/\/www.h-its.org\/de\/wp-content\/uploads\/sites\/2\/2016\/10\/evol-420x242.jpeg\" class=\"attachment-thumbnail size-thumbnail wp-post-image\" alt=\"\" 0=\"post-preview--post-thumbnail\" srcset=\"https:\/\/www.h-its.org\/de\/wp-content\/uploads\/sites\/2\/2016\/10\/evol-420x242.jpeg 420w, https:\/\/www.h-its.org\/de\/wp-content\/uploads\/sites\/2\/2016\/10\/evol.jpeg 822w\" sizes=\"auto, (max-width: 639px) 98vw, (max-width: 1199px) 64vw, 420px\" \/>      <\/a>\n  <p class=\"font-m font-normal font-primary\">Lecture: Stellar structures, evolution, and explosions<\/p>\n  <div class=\"show-for-medium\">\n    <p>Winter semester 2016\/2017 Prof. Dr. F. R\u00f6pke, L. Horst, Dr. P. Edelmann, Dr. S. Jones, Dr. S. Ohlmann Lecture:\u00a0 Tuesday, 14 &#8211; 16 h &#8230;<\/p>\n  <\/div>\n  <p>\n    <a href=\"https:\/\/www.h-its.org\/de\/teachings\/lecture-stellar-evolution\/\" class=\"read-more-button\">Mehr erfahren<\/a>\n  <\/p>\n<\/div>\n                      \n<div class=\"post-preview\">\n  <a href=\"https:\/\/www.h-its.org\/de\/teachings\/lecture_gw\/\" aria-label=\"Post Beitrag Vorschau Bild\">\n          <img loading=\"lazy\" decoding=\"async\" width=\"420\" height=\"242\" src=\"https:\/\/www.h-its.org\/de\/wp-content\/uploads\/sites\/2\/2016\/04\/combinedsnapshot_6_horizontal-420x242.jpg\" class=\"attachment-thumbnail size-thumbnail wp-post-image\" alt=\"\" 0=\"post-preview--post-thumbnail\" \/>      <\/a>\n  <p class=\"font-m font-normal font-primary\">Lecture: \u201cGravitational Waves\u201d<\/p>\n  <div class=\"show-for-medium\">\n    <p>Summer Semester 2016 at Universit\u00e4t Heidelberg Dr. A. Bauswein, Prof. Dr. F. R\u00f6pke Lecture: Monday, 14-16 pm, Philosophenweg 12, kleiner H\u00f6&#8230;<\/p>\n  <\/div>\n  <p>\n    <a href=\"https:\/\/www.h-its.org\/de\/teachings\/lecture_gw\/\" class=\"read-more-button\">Mehr erfahren<\/a>\n  <\/p>\n<\/div>\n                      \n<div class=\"post-preview\">\n  <a href=\"https:\/\/www.h-its.org\/de\/teachings\/lecture-compact-objects\/\" aria-label=\"Post Beitrag Vorschau Bild\">\n          <img loading=\"lazy\" decoding=\"async\" width=\"420\" height=\"242\" src=\"https:\/\/www.h-its.org\/de\/wp-content\/uploads\/sites\/2\/2015\/10\/BH_LMC-420x242.png\" class=\"attachment-thumbnail size-thumbnail wp-post-image\" alt=\"\" 0=\"post-preview--post-thumbnail\" \/>      <\/a>\n  <p class=\"font-m font-normal font-primary\">Lecture: \u201cWhite Dwarfs, Neutron Stars, and Black Holes \u2013 Compact Objects in Astrophysics\u201d<\/p>\n  <div class=\"show-for-medium\">\n    <p>Winter semester 2015\/2016 at Universit\u00e4t Heidelberg<\/p>\n  <\/div>\n  <p>\n    <a href=\"https:\/\/www.h-its.org\/de\/teachings\/lecture-compact-objects\/\" class=\"read-more-button\">Mehr erfahren<\/a>\n  <\/p>\n<\/div>\n                      \n<div class=\"post-preview\">\n  <a href=\"https:\/\/www.h-its.org\/de\/teachings\/lecture-castro\/\" aria-label=\"Post Beitrag Vorschau Bild\">\n          <img loading=\"lazy\" decoding=\"async\" width=\"420\" height=\"242\" src=\"https:\/\/www.h-its.org\/de\/wp-content\/uploads\/sites\/2\/2015\/10\/BH_LMC-420x242.png\" class=\"attachment-thumbnail size-thumbnail wp-post-image\" alt=\"\" 0=\"post-preview--post-thumbnail\" \/>      <\/a>\n  <p class=\"font-m font-normal font-primary\">Lecture: \u201cComputational Astrophysics\u201d<\/p>\n  <div class=\"show-for-medium\">\n    <p>Summer semester 2015 at Universit\u00e4t Heidelberg<\/p>\n  <\/div>\n  <p>\n    <a href=\"https:\/\/www.h-its.org\/de\/teachings\/lecture-castro\/\" class=\"read-more-button\">Mehr erfahren<\/a>\n  <\/p>\n<\/div>\n                  <\/div>\n              \n  <\/div>\n","protected":false},"excerpt":{"rendered":"","protected":false},"author":57,"featured_media":40659,"parent":4731,"menu_order":4,"comment_status":"closed","ping_status":"closed","template":"page-templates\/group.php","meta":{"_acf_changed":false,"inline_featured_image":false,"footnotes":""},"hits-research-group":[1279],"class_list":["post-9002","page","type-page","status-publish","has-post-thumbnail","hentry","hits-research-group-pso-de"],"acf":[],"yoast_head":"<!-- This site is optimized with the Yoast SEO plugin v27.4 - https:\/\/yoast.com\/product\/yoast-seo-wordpress\/ -->\n<title>Lehrveranstaltungen - HITS gGmbH<\/title>\n<meta name=\"robots\" content=\"index, follow, max-snippet:-1, max-image-preview:large, max-video-preview:-1\" \/>\n<link rel=\"canonical\" href=\"https:\/\/www.h-its.org\/de\/forschung\/pso\/lehrveranstaltungen\/\" \/>\n<meta property=\"og:locale\" content=\"de_DE\" \/>\n<meta property=\"og:type\" content=\"article\" \/>\n<meta property=\"og:title\" content=\"Lehrveranstaltungen - HITS gGmbH\" \/>\n<meta property=\"og:url\" content=\"https:\/\/www.h-its.org\/de\/forschung\/pso\/lehrveranstaltungen\/\" \/>\n<meta property=\"og:site_name\" content=\"HITS gGmbH\" \/>\n<meta property=\"article:modified_time\" content=\"2019-12-10T13:18:27+00:00\" \/>\n<meta property=\"og:image\" content=\"https:\/\/www.h-its.org\/de\/wp-content\/uploads\/sites\/2\/2019\/12\/PSO.jpg\" \/>\n\t<meta property=\"og:image:width\" content=\"1340\" \/>\n\t<meta property=\"og:image:height\" content=\"1340\" \/>\n\t<meta property=\"og:image:type\" content=\"image\/jpeg\" \/>\n<meta name=\"twitter:card\" content=\"summary_large_image\" \/>\n<script type=\"application\/ld+json\" class=\"yoast-schema-graph\">{\"@context\":\"https:\\\/\\\/schema.org\",\"@graph\":[{\"@type\":\"WebPage\",\"@id\":\"https:\\\/\\\/www.h-its.org\\\/de\\\/forschung\\\/pso\\\/lehrveranstaltungen\\\/\",\"url\":\"https:\\\/\\\/www.h-its.org\\\/de\\\/forschung\\\/pso\\\/lehrveranstaltungen\\\/\",\"name\":\"Lehrveranstaltungen - HITS gGmbH\",\"isPartOf\":{\"@id\":\"https:\\\/\\\/www.h-its.org\\\/de\\\/#website\"},\"primaryImageOfPage\":{\"@id\":\"https:\\\/\\\/www.h-its.org\\\/de\\\/forschung\\\/pso\\\/lehrveranstaltungen\\\/#primaryimage\"},\"image\":{\"@id\":\"https:\\\/\\\/www.h-its.org\\\/de\\\/forschung\\\/pso\\\/lehrveranstaltungen\\\/#primaryimage\"},\"thumbnailUrl\":\"https:\\\/\\\/www.h-its.org\\\/de\\\/wp-content\\\/uploads\\\/sites\\\/2\\\/2019\\\/12\\\/PSO.jpg\",\"datePublished\":\"2015-04-20T09:02:12+00:00\",\"dateModified\":\"2019-12-10T13:18:27+00:00\",\"breadcrumb\":{\"@id\":\"https:\\\/\\\/www.h-its.org\\\/de\\\/forschung\\\/pso\\\/lehrveranstaltungen\\\/#breadcrumb\"},\"inLanguage\":\"de\",\"potentialAction\":[{\"@type\":\"ReadAction\",\"target\":[\"https:\\\/\\\/www.h-its.org\\\/de\\\/forschung\\\/pso\\\/lehrveranstaltungen\\\/\"]}]},{\"@type\":\"ImageObject\",\"inLanguage\":\"de\",\"@id\":\"https:\\\/\\\/www.h-its.org\\\/de\\\/forschung\\\/pso\\\/lehrveranstaltungen\\\/#primaryimage\",\"url\":\"https:\\\/\\\/www.h-its.org\\\/de\\\/wp-content\\\/uploads\\\/sites\\\/2\\\/2019\\\/12\\\/PSO.jpg\",\"contentUrl\":\"https:\\\/\\\/www.h-its.org\\\/de\\\/wp-content\\\/uploads\\\/sites\\\/2\\\/2019\\\/12\\\/PSO.jpg\",\"width\":1340,\"height\":1340},{\"@type\":\"BreadcrumbList\",\"@id\":\"https:\\\/\\\/www.h-its.org\\\/de\\\/forschung\\\/pso\\\/lehrveranstaltungen\\\/#breadcrumb\",\"itemListElement\":[{\"@type\":\"ListItem\",\"position\":1,\"name\":\"Home\",\"item\":\"https:\\\/\\\/www.h-its.org\\\/de\\\/\"},{\"@type\":\"ListItem\",\"position\":2,\"name\":\"Forschung am HITS\",\"item\":\"https:\\\/\\\/www.h-its.org\\\/de\\\/forschung\\\/\"},{\"@type\":\"ListItem\",\"position\":3,\"name\":\"Physics of Stellar Objects (PSO)\",\"item\":\"https:\\\/\\\/www.h-its.org\\\/de\\\/forschung\\\/pso\\\/\"},{\"@type\":\"ListItem\",\"position\":4,\"name\":\"Lehrveranstaltungen\"}]},{\"@type\":\"WebSite\",\"@id\":\"https:\\\/\\\/www.h-its.org\\\/de\\\/#website\",\"url\":\"https:\\\/\\\/www.h-its.org\\\/de\\\/\",\"name\":\"HITS gGmbH\",\"description\":\"Heidelberg Institute for Theoretical Studies\",\"potentialAction\":[{\"@type\":\"SearchAction\",\"target\":{\"@type\":\"EntryPoint\",\"urlTemplate\":\"https:\\\/\\\/www.h-its.org\\\/de\\\/?s={search_term_string}\"},\"query-input\":{\"@type\":\"PropertyValueSpecification\",\"valueRequired\":true,\"valueName\":\"search_term_string\"}}],\"inLanguage\":\"de\"}]}<\/script>\n<!-- \/ Yoast SEO plugin. -->","yoast_head_json":{"title":"Lehrveranstaltungen - HITS gGmbH","robots":{"index":"index","follow":"follow","max-snippet":"max-snippet:-1","max-image-preview":"max-image-preview:large","max-video-preview":"max-video-preview:-1"},"canonical":"https:\/\/www.h-its.org\/de\/forschung\/pso\/lehrveranstaltungen\/","og_locale":"de_DE","og_type":"article","og_title":"Lehrveranstaltungen - HITS gGmbH","og_url":"https:\/\/www.h-its.org\/de\/forschung\/pso\/lehrveranstaltungen\/","og_site_name":"HITS gGmbH","article_modified_time":"2019-12-10T13:18:27+00:00","og_image":[{"width":1340,"height":1340,"url":"https:\/\/www.h-its.org\/de\/wp-content\/uploads\/sites\/2\/2019\/12\/PSO.jpg","type":"image\/jpeg"}],"twitter_card":"summary_large_image","schema":{"@context":"https:\/\/schema.org","@graph":[{"@type":"WebPage","@id":"https:\/\/www.h-its.org\/de\/forschung\/pso\/lehrveranstaltungen\/","url":"https:\/\/www.h-its.org\/de\/forschung\/pso\/lehrveranstaltungen\/","name":"Lehrveranstaltungen - HITS gGmbH","isPartOf":{"@id":"https:\/\/www.h-its.org\/de\/#website"},"primaryImageOfPage":{"@id":"https:\/\/www.h-its.org\/de\/forschung\/pso\/lehrveranstaltungen\/#primaryimage"},"image":{"@id":"https:\/\/www.h-its.org\/de\/forschung\/pso\/lehrveranstaltungen\/#primaryimage"},"thumbnailUrl":"https:\/\/www.h-its.org\/de\/wp-content\/uploads\/sites\/2\/2019\/12\/PSO.jpg","datePublished":"2015-04-20T09:02:12+00:00","dateModified":"2019-12-10T13:18:27+00:00","breadcrumb":{"@id":"https:\/\/www.h-its.org\/de\/forschung\/pso\/lehrveranstaltungen\/#breadcrumb"},"inLanguage":"de","potentialAction":[{"@type":"ReadAction","target":["https:\/\/www.h-its.org\/de\/forschung\/pso\/lehrveranstaltungen\/"]}]},{"@type":"ImageObject","inLanguage":"de","@id":"https:\/\/www.h-its.org\/de\/forschung\/pso\/lehrveranstaltungen\/#primaryimage","url":"https:\/\/www.h-its.org\/de\/wp-content\/uploads\/sites\/2\/2019\/12\/PSO.jpg","contentUrl":"https:\/\/www.h-its.org\/de\/wp-content\/uploads\/sites\/2\/2019\/12\/PSO.jpg","width":1340,"height":1340},{"@type":"BreadcrumbList","@id":"https:\/\/www.h-its.org\/de\/forschung\/pso\/lehrveranstaltungen\/#breadcrumb","itemListElement":[{"@type":"ListItem","position":1,"name":"Home","item":"https:\/\/www.h-its.org\/de\/"},{"@type":"ListItem","position":2,"name":"Forschung am HITS","item":"https:\/\/www.h-its.org\/de\/forschung\/"},{"@type":"ListItem","position":3,"name":"Physics of Stellar Objects (PSO)","item":"https:\/\/www.h-its.org\/de\/forschung\/pso\/"},{"@type":"ListItem","position":4,"name":"Lehrveranstaltungen"}]},{"@type":"WebSite","@id":"https:\/\/www.h-its.org\/de\/#website","url":"https:\/\/www.h-its.org\/de\/","name":"HITS gGmbH","description":"Heidelberg Institute for Theoretical Studies","potentialAction":[{"@type":"SearchAction","target":{"@type":"EntryPoint","urlTemplate":"https:\/\/www.h-its.org\/de\/?s={search_term_string}"},"query-input":{"@type":"PropertyValueSpecification","valueRequired":true,"valueName":"search_term_string"}}],"inLanguage":"de"}]}},"publishpress_future_action":{"enabled":false,"date":"2026-04-28 18:56:09","action":"change-status","newStatus":"draft","terms":[],"taxonomy":"hits-research-group","extraData":[]},"publishpress_future_workflow_manual_trigger":{"enabledWorkflows":[]},"_links":{"self":[{"href":"https:\/\/www.h-its.org\/de\/wp-json\/wp\/v2\/pages\/9002","targetHints":{"allow":["GET"]}}],"collection":[{"href":"https:\/\/www.h-its.org\/de\/wp-json\/wp\/v2\/pages"}],"about":[{"href":"https:\/\/www.h-its.org\/de\/wp-json\/wp\/v2\/types\/page"}],"author":[{"embeddable":true,"href":"https:\/\/www.h-its.org\/de\/wp-json\/wp\/v2\/users\/57"}],"replies":[{"embeddable":true,"href":"https:\/\/www.h-its.org\/de\/wp-json\/wp\/v2\/comments?post=9002"}],"version-history":[{"count":14,"href":"https:\/\/www.h-its.org\/de\/wp-json\/wp\/v2\/pages\/9002\/revisions"}],"predecessor-version":[{"id":40661,"href":"https:\/\/www.h-its.org\/de\/wp-json\/wp\/v2\/pages\/9002\/revisions\/40661"}],"up":[{"embeddable":true,"href":"https:\/\/www.h-its.org\/de\/wp-json\/wp\/v2\/pages\/4731"}],"wp:featuredmedia":[{"embeddable":true,"href":"https:\/\/www.h-its.org\/de\/wp-json\/wp\/v2\/media\/40659"}],"wp:attachment":[{"href":"https:\/\/www.h-its.org\/de\/wp-json\/wp\/v2\/media?parent=9002"}],"wp:term":[{"taxonomy":"hits-research-group","embeddable":true,"href":"https:\/\/www.h-its.org\/de\/wp-json\/wp\/v2\/hits-research-group?post=9002"}],"curies":[{"name":"wp","href":"https:\/\/api.w.org\/{rel}","templated":true}]}}